{"id":15781,"date":"2025-08-18T22:17:17","date_gmt":"2025-08-19T01:17:17","guid":{"rendered":"https:\/\/www.emporiobiergarten.com.br\/site\/?page_id=15781"},"modified":"2025-10-21T17:35:34","modified_gmt":"2025-10-21T20:35:34","slug":"curadoria-amazon","status":"publish","type":"page","link":"http:\/\/www.emporiobiergarten.com.br\/site\/curadoria-amazon\/","title":{"rendered":"Curadoria Llama ADS"},"content":{"rendered":"\n<div>\n<div class=\"separator\" style=\"clear: both; text-align: center;\">\n    <a href=\"https:\/\/www.vesoloski.eti.br\/llama_ads\/imagens\/LOGO_LLAMAADS_transp.png\" style=\"margin-left: 1em; margin-right: 1em;\">\n        <img loading=\"lazy\" decoding=\"async\" border=\"0\" height=\"300\" src=\"https:\/\/www.vesoloski.eti.br\/llama_ads\/imagens\/LOGO_LLAMAADS_transp.png\" width=\"500\" alt=\"LOGO LLAMA ADS\" \/>\n    <\/a>\n<\/div>\n<br>\n<h1>Compre com a Confian\u00e7a dos Maiores Marketplaces!<\/h1>\n<p>Nossa curadoria seleciona produtos incr\u00edveis, e a maneira mais f\u00e1cil e segura de adquiri-los \u00e9 diretamente nos grandes <b>Marketplaces<\/b> que indicamos, como <b>Amazon<\/b>, <b>Mercado Livre<\/b>, <b>AliExpress<\/b> e outros.<\/p>\n<p>Ao clicar em nossos links, voc\u00ea ser\u00e1 direcionado para a p\u00e1gina oficial do produto dentro do ambiente seguro do Marketplace. Isso garante:<\/p>\n<ul>\n    <li><b>Seguran\u00e7a Total:<\/b> Sua compra, dados e informa\u00e7\u00f5es de pagamento s\u00e3o processados com a seguran\u00e7a de plataformas reconhecidas globalmente.<\/li>\n    <li><b>Entrega Confi\u00e1vel:<\/b> Conte com a log\u00edstica eficiente do Marketplace para receber seu pedido no prazo e sem surpresas.<\/li>\n    <li><b>Melhores Ofertas:<\/b> Aproveite as promo\u00e7\u00f5es di\u00e1rias e os pre\u00e7os competitivos que s\u00f3 as grandes plataformas oferecem.<\/li>\n    <li><b>Facilidade na Devolu\u00e7\u00e3o:<\/b> Utilize a pol\u00edtica de troca e devolu\u00e7\u00e3o simples e descomplicada do Marketplace.<\/li>\n<\/ul>\n<p>Ao comprar atrav\u00e9s de nossa curadoria, voc\u00ea garante a qualidade e a seguran\u00e7a que merece. Sua compra, al\u00e9m de ser segura, \u00e9 muito importante para n\u00f3s, pois a <b>comiss\u00e3o gerada ajuda a manter a nossa curadoria<\/b> e a produ\u00e7\u00e3o de novos conte\u00fados. <b>Aproveite!<\/b><\/p>\n<\/div>\n\n\n\n<!--  Bloco 2: Sem logo Llama Ads Multiplus -->\n<div id=\"multiplus-container\" class=\"tabela-container\">\n<div class=\"container-logo-llama\"><\/div>\n<\/div>\n<p id=\"error-message\" style=\"display:none; color: red; text-align: center;\"><\/p>\n<script src=\"https:\/\/www.vesoloski.eti.br\/llama_ads\/llama-ads-v1-multiplus.js\"><\/script>\n<!--  Bloco 2: fim Llama Ads Multiplus -->\n","protected":false},"excerpt":{"rendered":"<p>Compre com a Confian\u00e7a dos Maiores Marketplaces! Nossa curadoria seleciona produtos incr\u00edveis, e a maneira mais f\u00e1cil e segura de adquiri-los \u00e9 diretamente nos grandes Marketplaces que indicamos, como Amazon, Mercado Livre, AliExpress e outros. Ao clicar em nossos links, voc\u00ea ser\u00e1 direcionado para a p\u00e1gina oficial do produto dentro&#8230;<\/p>\n","protected":false},"author":1,"featured_media":0,"parent":0,"menu_order":0,"comment_status":"closed","ping_status":"closed","template":"","meta":{"jetpack_post_was_ever_published":false,"footnotes":""},"class_list":["post-15781","page","type-page","status-publish","hentry","entry","simple"],"yoast_head":"<!-- This site is optimized with the Yoast SEO plugin v27.5 - https:\/\/yoast.com\/product\/yoast-seo-wordpress\/ -->\n<title>Curadoria Llama ADS &#8212; BLOG | BGT BIERGARTEN<\/title>\n<meta name=\"description\" content=\"Nossa curadoria seleciona produtos incr\u00edveis, e a maneira mais f\u00e1cil e segura de adquiri-los \u00e9 direto pela Amazon. Ao clicar em nossos links, voc\u00ea ser\u00e1 direcionado para a p\u00e1gina oficial do produto.\" \/>\n<meta name=\"robots\" content=\"index, follow, max-snippet:-1, max-image-preview:large, max-video-preview:-1\" \/>\n<link rel=\"canonical\" href=\"http:\/\/www.emporiobiergarten.com.br\/site\/curadoria-amazon\/\" \/>\n<meta property=\"og:locale\" content=\"pt_BR\" \/>\n<meta property=\"og:type\" content=\"article\" \/>\n<meta property=\"og:title\" content=\"Curadoria Llama ADS &#8212; BLOG | BGT BIERGARTEN\" \/>\n<meta property=\"og:description\" content=\"Nossa curadoria seleciona produtos incr\u00edveis, e a maneira mais f\u00e1cil e segura de adquiri-los \u00e9 direto pela Amazon. Ao clicar em nossos links, voc\u00ea ser\u00e1 direcionado para a p\u00e1gina oficial do produto.\" \/>\n<meta property=\"og:url\" content=\"http:\/\/www.emporiobiergarten.com.br\/site\/curadoria-amazon\/\" \/>\n<meta property=\"og:site_name\" content=\"BLOG | BGT BIERGARTEN\" \/>\n<meta property=\"article:publisher\" content=\"https:\/\/www.facebook.com\/bgtrp\" \/>\n<meta property=\"article:modified_time\" content=\"2025-10-21T20:35:34+00:00\" \/>\n<meta property=\"og:image\" content=\"https:\/\/www.vesoloski.eti.br\/llama_ads\/imagens\/LOGO_LLAMAADS_transp.png\" \/>\n<meta name=\"twitter:card\" content=\"summary_large_image\" \/>\n<meta name=\"twitter:site\" content=\"@bgtbiergarten\" \/>\n<meta name=\"twitter:label1\" content=\"Est. tempo de leitura\" \/>\n\t<meta name=\"twitter:data1\" content=\"2 minutos\" \/>\n<script type=\"application\/ld+json\" class=\"yoast-schema-graph\">{\"@context\":\"https:\\\/\\\/schema.org\",\"@graph\":[{\"@type\":\"WebPage\",\"@id\":\"http:\\\/\\\/www.emporiobiergarten.com.br\\\/site\\\/curadoria-amazon\\\/\",\"url\":\"http:\\\/\\\/www.emporiobiergarten.com.br\\\/site\\\/curadoria-amazon\\\/\",\"name\":\"Curadoria Llama ADS &#8212; BLOG | BGT BIERGARTEN\",\"isPartOf\":{\"@id\":\"http:\\\/\\\/www.emporiobiergarten.com.br\\\/site\\\/#website\"},\"primaryImageOfPage\":{\"@id\":\"http:\\\/\\\/www.emporiobiergarten.com.br\\\/site\\\/curadoria-amazon\\\/#primaryimage\"},\"image\":{\"@id\":\"http:\\\/\\\/www.emporiobiergarten.com.br\\\/site\\\/curadoria-amazon\\\/#primaryimage\"},\"thumbnailUrl\":\"https:\\\/\\\/www.vesoloski.eti.br\\\/llama_ads\\\/imagens\\\/LOGO_LLAMAADS_transp.png\",\"datePublished\":\"2025-08-19T01:17:17+00:00\",\"dateModified\":\"2025-10-21T20:35:34+00:00\",\"description\":\"Nossa curadoria seleciona produtos incr\u00edveis, e a maneira mais f\u00e1cil e segura de adquiri-los \u00e9 direto pela Amazon. Ao clicar em nossos links, voc\u00ea ser\u00e1 direcionado para a p\u00e1gina oficial do produto.\",\"breadcrumb\":{\"@id\":\"http:\\\/\\\/www.emporiobiergarten.com.br\\\/site\\\/curadoria-amazon\\\/#breadcrumb\"},\"inLanguage\":\"pt-BR\",\"potentialAction\":[{\"@type\":\"ReadAction\",\"target\":[\"http:\\\/\\\/www.emporiobiergarten.com.br\\\/site\\\/curadoria-amazon\\\/\"]}]},{\"@type\":\"ImageObject\",\"inLanguage\":\"pt-BR\",\"@id\":\"http:\\\/\\\/www.emporiobiergarten.com.br\\\/site\\\/curadoria-amazon\\\/#primaryimage\",\"url\":\"https:\\\/\\\/www.vesoloski.eti.br\\\/llama_ads\\\/imagens\\\/LOGO_LLAMAADS_transp.png\",\"contentUrl\":\"https:\\\/\\\/www.vesoloski.eti.br\\\/llama_ads\\\/imagens\\\/LOGO_LLAMAADS_transp.png\"},{\"@type\":\"BreadcrumbList\",\"@id\":\"http:\\\/\\\/www.emporiobiergarten.com.br\\\/site\\\/curadoria-amazon\\\/#breadcrumb\",\"itemListElement\":[{\"@type\":\"ListItem\",\"position\":1,\"name\":\"In\u00edcio\",\"item\":\"http:\\\/\\\/www.emporiobiergarten.com.br\\\/site\\\/\"},{\"@type\":\"ListItem\",\"position\":2,\"name\":\"Curadoria Llama ADS\"}]},{\"@type\":\"WebSite\",\"@id\":\"http:\\\/\\\/www.emporiobiergarten.com.br\\\/site\\\/#website\",\"url\":\"http:\\\/\\\/www.emporiobiergarten.com.br\\\/site\\\/\",\"name\":\"BLOG BGT BIERGARTEN\",\"description\":\"Um blog para recordar\",\"publisher\":{\"@id\":\"http:\\\/\\\/www.emporiobiergarten.com.br\\\/site\\\/#organization\"},\"alternateName\":\"BGT BIERGARTEN\",\"potentialAction\":[{\"@type\":\"SearchAction\",\"target\":{\"@type\":\"EntryPoint\",\"urlTemplate\":\"http:\\\/\\\/www.emporiobiergarten.com.br\\\/site\\\/?s={search_term_string}\"},\"query-input\":{\"@type\":\"PropertyValueSpecification\",\"valueRequired\":true,\"valueName\":\"search_term_string\"}}],\"inLanguage\":\"pt-BR\"},{\"@type\":\"Organization\",\"@id\":\"http:\\\/\\\/www.emporiobiergarten.com.br\\\/site\\\/#organization\",\"name\":\"BGT BIERGARTEN\",\"alternateName\":\"BGT BIERGARTEN\",\"url\":\"http:\\\/\\\/www.emporiobiergarten.com.br\\\/site\\\/\",\"logo\":{\"@type\":\"ImageObject\",\"inLanguage\":\"pt-BR\",\"@id\":\"http:\\\/\\\/www.emporiobiergarten.com.br\\\/site\\\/#\\\/schema\\\/logo\\\/image\\\/\",\"url\":\"http:\\\/\\\/www.emporiobiergarten.com.br\\\/site\\\/wp-content\\\/uploads\\\/2023\\\/06\\\/bgtlogo.png\",\"contentUrl\":\"http:\\\/\\\/www.emporiobiergarten.com.br\\\/site\\\/wp-content\\\/uploads\\\/2023\\\/06\\\/bgtlogo.png\",\"width\":1080,\"height\":1080,\"caption\":\"BGT BIERGARTEN\"},\"image\":{\"@id\":\"http:\\\/\\\/www.emporiobiergarten.com.br\\\/site\\\/#\\\/schema\\\/logo\\\/image\\\/\"},\"sameAs\":[\"https:\\\/\\\/www.facebook.com\\\/bgtrp\",\"https:\\\/\\\/x.com\\\/bgtbiergarten\",\"https:\\\/\\\/www.instagram.com\\\/bgt.br\\\/\"]}]}<\/script>\n<!-- \/ Yoast SEO plugin. -->","yoast_head_json":{"title":"Curadoria Llama ADS &#8212; BLOG | BGT BIERGARTEN","description":"Nossa curadoria seleciona produtos incr\u00edveis, e a maneira mais f\u00e1cil e segura de adquiri-los \u00e9 direto pela Amazon. Ao clicar em nossos links, voc\u00ea ser\u00e1 direcionado para a p\u00e1gina oficial do produto.","robots":{"index":"index","follow":"follow","max-snippet":"max-snippet:-1","max-image-preview":"max-image-preview:large","max-video-preview":"max-video-preview:-1"},"canonical":"http:\/\/www.emporiobiergarten.com.br\/site\/curadoria-amazon\/","og_locale":"pt_BR","og_type":"article","og_title":"Curadoria Llama ADS &#8212; BLOG | BGT BIERGARTEN","og_description":"Nossa curadoria seleciona produtos incr\u00edveis, e a maneira mais f\u00e1cil e segura de adquiri-los \u00e9 direto pela Amazon. Ao clicar em nossos links, voc\u00ea ser\u00e1 direcionado para a p\u00e1gina oficial do produto.","og_url":"http:\/\/www.emporiobiergarten.com.br\/site\/curadoria-amazon\/","og_site_name":"BLOG | BGT BIERGARTEN","article_publisher":"https:\/\/www.facebook.com\/bgtrp","article_modified_time":"2025-10-21T20:35:34+00:00","og_image":[{"url":"https:\/\/www.vesoloski.eti.br\/llama_ads\/imagens\/LOGO_LLAMAADS_transp.png","type":"","width":"","height":""}],"twitter_card":"summary_large_image","twitter_site":"@bgtbiergarten","twitter_misc":{"Est. tempo de leitura":"2 minutos"},"schema":{"@context":"https:\/\/schema.org","@graph":[{"@type":"WebPage","@id":"http:\/\/www.emporiobiergarten.com.br\/site\/curadoria-amazon\/","url":"http:\/\/www.emporiobiergarten.com.br\/site\/curadoria-amazon\/","name":"Curadoria Llama ADS &#8212; BLOG | BGT BIERGARTEN","isPartOf":{"@id":"http:\/\/www.emporiobiergarten.com.br\/site\/#website"},"primaryImageOfPage":{"@id":"http:\/\/www.emporiobiergarten.com.br\/site\/curadoria-amazon\/#primaryimage"},"image":{"@id":"http:\/\/www.emporiobiergarten.com.br\/site\/curadoria-amazon\/#primaryimage"},"thumbnailUrl":"https:\/\/www.vesoloski.eti.br\/llama_ads\/imagens\/LOGO_LLAMAADS_transp.png","datePublished":"2025-08-19T01:17:17+00:00","dateModified":"2025-10-21T20:35:34+00:00","description":"Nossa curadoria seleciona produtos incr\u00edveis, e a maneira mais f\u00e1cil e segura de adquiri-los \u00e9 direto pela Amazon. Ao clicar em nossos links, voc\u00ea ser\u00e1 direcionado para a p\u00e1gina oficial do produto.","breadcrumb":{"@id":"http:\/\/www.emporiobiergarten.com.br\/site\/curadoria-amazon\/#breadcrumb"},"inLanguage":"pt-BR","potentialAction":[{"@type":"ReadAction","target":["http:\/\/www.emporiobiergarten.com.br\/site\/curadoria-amazon\/"]}]},{"@type":"ImageObject","inLanguage":"pt-BR","@id":"http:\/\/www.emporiobiergarten.com.br\/site\/curadoria-amazon\/#primaryimage","url":"https:\/\/www.vesoloski.eti.br\/llama_ads\/imagens\/LOGO_LLAMAADS_transp.png","contentUrl":"https:\/\/www.vesoloski.eti.br\/llama_ads\/imagens\/LOGO_LLAMAADS_transp.png"},{"@type":"BreadcrumbList","@id":"http:\/\/www.emporiobiergarten.com.br\/site\/curadoria-amazon\/#breadcrumb","itemListElement":[{"@type":"ListItem","position":1,"name":"In\u00edcio","item":"http:\/\/www.emporiobiergarten.com.br\/site\/"},{"@type":"ListItem","position":2,"name":"Curadoria Llama ADS"}]},{"@type":"WebSite","@id":"http:\/\/www.emporiobiergarten.com.br\/site\/#website","url":"http:\/\/www.emporiobiergarten.com.br\/site\/","name":"BLOG BGT BIERGARTEN","description":"Um blog para recordar","publisher":{"@id":"http:\/\/www.emporiobiergarten.com.br\/site\/#organization"},"alternateName":"BGT BIERGARTEN","potentialAction":[{"@type":"SearchAction","target":{"@type":"EntryPoint","urlTemplate":"http:\/\/www.emporiobiergarten.com.br\/site\/?s={search_term_string}"},"query-input":{"@type":"PropertyValueSpecification","valueRequired":true,"valueName":"search_term_string"}}],"inLanguage":"pt-BR"},{"@type":"Organization","@id":"http:\/\/www.emporiobiergarten.com.br\/site\/#organization","name":"BGT BIERGARTEN","alternateName":"BGT BIERGARTEN","url":"http:\/\/www.emporiobiergarten.com.br\/site\/","logo":{"@type":"ImageObject","inLanguage":"pt-BR","@id":"http:\/\/www.emporiobiergarten.com.br\/site\/#\/schema\/logo\/image\/","url":"http:\/\/www.emporiobiergarten.com.br\/site\/wp-content\/uploads\/2023\/06\/bgtlogo.png","contentUrl":"http:\/\/www.emporiobiergarten.com.br\/site\/wp-content\/uploads\/2023\/06\/bgtlogo.png","width":1080,"height":1080,"caption":"BGT BIERGARTEN"},"image":{"@id":"http:\/\/www.emporiobiergarten.com.br\/site\/#\/schema\/logo\/image\/"},"sameAs":["https:\/\/www.facebook.com\/bgtrp","https:\/\/x.com\/bgtbiergarten","https:\/\/www.instagram.com\/bgt.br\/"]}]}},"jetpack_sharing_enabled":true,"jetpack_shortlink":"https:\/\/wp.me\/PSwGG-46x","_links":{"self":[{"href":"http:\/\/www.emporiobiergarten.com.br\/site\/wp-json\/wp\/v2\/pages\/15781","targetHints":{"allow":["GET"]}}],"collection":[{"href":"http:\/\/www.emporiobiergarten.com.br\/site\/wp-json\/wp\/v2\/pages"}],"about":[{"href":"http:\/\/www.emporiobiergarten.com.br\/site\/wp-json\/wp\/v2\/types\/page"}],"author":[{"embeddable":true,"href":"http:\/\/www.emporiobiergarten.com.br\/site\/wp-json\/wp\/v2\/users\/1"}],"replies":[{"embeddable":true,"href":"http:\/\/www.emporiobiergarten.com.br\/site\/wp-json\/wp\/v2\/comments?post=15781"}],"version-history":[{"count":6,"href":"http:\/\/www.emporiobiergarten.com.br\/site\/wp-json\/wp\/v2\/pages\/15781\/revisions"}],"predecessor-version":[{"id":15796,"href":"http:\/\/www.emporiobiergarten.com.br\/site\/wp-json\/wp\/v2\/pages\/15781\/revisions\/15796"}],"wp:attachment":[{"href":"http:\/\/www.emporiobiergarten.com.br\/site\/wp-json\/wp\/v2\/media?parent=15781"}],"curies":[{"name":"wp","href":"https:\/\/api.w.org\/{rel}","templated":true}]}}